{"id":1017,"date":"2025-03-18T15:52:23","date_gmt":"2025-03-18T14:52:23","guid":{"rendered":"http:\/\/carolinewolfcoaching.de\/?page_id=1017"},"modified":"2026-01-13T11:54:22","modified_gmt":"2026-01-13T10:54:22","slug":"womens-promotion","status":"publish","type":"page","link":"http:\/\/carolinewolfcoaching.de\/?page_id=1017","title":{"rendered":"Women&#8217;s Promotion"},"content":{"rendered":"\n<h2>&#8230;.comes with personality.<\/h2>\n\n\n\n<p>Im Team herrscht eine freundliche Atmosph\u00e4re, aber die Stimmung ist angespannt.<\/p>\n\n\n\n<p>An der Oberfl\u00e4che sieht es so aus, als w\u00fcrden alle gut zusammenarbeiten. Doch das ist nur Schein.<\/p>\n\n\n\n<p>Es ist ein Gegeneinander-Arbeiten. Ein Sich-Gegenseitiges-Wegnehmen. Welche von uns steht in der Gunst des Chefs?<\/p>\n\n\n\n<p>Da frage ich mich, welche steht denn nun in der Gunst des\/r Chefs\/in? Und was macht sie bzw. das mit den anderen Kolleginnen?<\/p>\n\n\n\n<p>Es w\u00e4re doch gut, wenn alle ohne wenn und aber zusammenarbeiten w\u00fcrden, sich gegenseitig helfen bzw. gegenseitig f\u00f6rdern w\u00fcrden. Man muss nicht unbedingt Besties sein. Geben und Nehmen ist da das Stichwort der Stunde, um sich gegenseitig zu tragen. Ein Team, das sich gegenseitig f\u00f6rdert und gemeinsam Erfolge feiert, ist f\u00fcr ein Unternehmen von unsch\u00e4tzbarem Wert. Ein Team, das nicht zusammenarbeitet, st\u00f6rt den Unternehmenserfolg, zieht K\u00fcndigungen und kostspielige Neueinstellungsprozesse nach sich.<\/p>\n\n\n\n<p>Investieren Sie in die zuk\u00fcnftige, langfristige Entwicklung Ihrer Teams und in sich selbst. Es lohnt sich.<\/p>\n\n\n\n<p><strong>Das interessiert Sie?<\/strong><\/p>\n\n\n\n<p>Dann rufen Sie mich an. <\/p>\n\n\n\n<p>t: +49 (0) 89 \/21 55 70 17 oder c.wolf@carolinewolf.net<\/p>\n","protected":false},"excerpt":{"rendered":"<p>&#8230;.comes with personality. Im Team herrscht eine freundliche Atmosph\u00e4re, aber die Stimmung ist angespannt. An der Oberfl\u00e4che sieht es so aus, als w\u00fcrden alle gut zusammenarbeiten. Doch das ist nur Schein. Es ist ein Gegeneinander-Arbeiten. Ein Sich-Gegenseitiges-Wegnehmen. Welche von uns steht in der Gunst des Chefs? Da frage ich mich, [&hellip;]<\/p>\n","protected":false},"author":1,"featured_media":733,"parent":0,"menu_order":0,"comment_status":"closed","ping_status":"closed","template":"","meta":[],"_links":{"self":[{"href":"http:\/\/carolinewolfcoaching.de\/index.php?rest_route=\/wp\/v2\/pages\/1017"}],"collection":[{"href":"http:\/\/carolinewolfcoaching.de\/index.php?rest_route=\/wp\/v2\/pages"}],"about":[{"href":"http:\/\/carolinewolfcoaching.de\/index.php?rest_route=\/wp\/v2\/types\/page"}],"author":[{"embeddable":true,"href":"http:\/\/carolinewolfcoaching.de\/index.php?rest_route=\/wp\/v2\/users\/1"}],"replies":[{"embeddable":true,"href":"http:\/\/carolinewolfcoaching.de\/index.php?rest_route=%2Fwp%2Fv2%2Fcomments&post=1017"}],"version-history":[{"count":10,"href":"http:\/\/carolinewolfcoaching.de\/index.php?rest_route=\/wp\/v2\/pages\/1017\/revisions"}],"predecessor-version":[{"id":1138,"href":"http:\/\/carolinewolfcoaching.de\/index.php?rest_route=\/wp\/v2\/pages\/1017\/revisions\/1138"}],"wp:featuredmedia":[{"embeddable":true,"href":"http:\/\/carolinewolfcoaching.de\/index.php?rest_route=\/wp\/v2\/media\/733"}],"wp:attachment":[{"href":"http:\/\/carolinewolfcoaching.de\/index.php?rest_route=%2Fwp%2Fv2%2Fmedia&parent=1017"}],"curies":[{"name":"wp","href":"https:\/\/api.w.org\/{rel}","templated":true}]}}